{"id":7,"date":"2026-01-01T13:38:03","date_gmt":"2026-01-01T12:38:03","guid":{"rendered":"https:\/\/psychologtradingu.pl\/?page_id=7"},"modified":"2026-01-25T21:07:08","modified_gmt":"2026-01-25T20:07:08","slug":"psycholog-tradingu-dawid-frackowiak-psycholog-psychoterapeuta-trener","status":"publish","type":"page","link":"https:\/\/psychologtradingu.pl\/","title":{"rendered":"STRONA G\u0141\u00d3WNA"},"content":{"rendered":"\n<p><\/p>\n\n\n\n<h3 class=\"wp-block-heading has-ast-global-color-1-color has-text-color has-link-color wp-elements-2278cb43f88700da62a118ea94260f2f\">Psycholog tradingu &#8211; Dawid Fr\u0105ckowiak<\/h3>\n\n\n\n<p class=\"has-text-align-center has-medium-font-size\"><strong>Witaj na mojej stronie! Poznaj moj\u0105 filozofi\u0119 i metodyk\u0119 pracy psychologicznej z traderami. Jako psycholog tradingu nie skupiam si\u0119 na strategii tradera. Nie zajmuj\u0119 si\u0119 te\u017c jego wynikami finansowymi. W swojej pracy z traderami koncentruj\u0119 si\u0119 na ich procesie decyzyjnym i miejscach, w kt\u00f3rych ten proces ulega pogorszeniu lub za\u0142amaniu.<\/strong><\/p>\n\n\n\n<p><\/p>\n\n\n\n<h2 class=\"wp-block-heading has-text-align-center has-medium-font-size\"><strong>Cz\u0119sto problem w tradingu to nie sama strategia, tylko niewystarczaj\u0105ca ochrona procesu &#8211; czytaj dalej o tym, czym jest proces w tradingu.<\/strong><\/h2>\n\n\n\n<p><\/p>\n\n\n\n<p><\/p>\n\n\n\n<h3 class=\"wp-block-heading has-text-align-center has-ast-global-color-1-color has-text-color has-link-color wp-elements-094758065d40193732867e4eec463fb9\"><strong>Trading psuje si\u0119 najcz\u0119\u015bciej nie przez strategi\u0119, tylko przez psychologi\u0119 decyzji pod presj\u0105.<\/strong><\/h3>\n\n\n\n<p class=\"has-text-align-center has-medium-font-size\"><strong>Proces to po prostu to, co robisz i jak to robisz, zanim pojawi si\u0119 wynik w tradingu.<\/strong><\/p>\n\n\n\n<p class=\"has-text-align-center has-medium-font-size\">To nie jest strategia handlu, zarz\u0105dzania kapita\u0142em ani analiza rynku.<\/p>\n\n\n\n<h4 class=\"wp-block-heading has-text-align-center has-medium-font-size\">Model Ochrony Procesu uczy, jak <strong>nie psu\u0107 decyzji w stresie, drawdownie i niepewno\u015bci<\/strong> \u2013 zanim stracisz kontrol\u0119 nad kontem.<\/h4>\n\n\n\n<h3 class=\"wp-block-heading has-text-align-center\"><strong>Je\u015bli to znasz<\/strong> &#8211; <strong>jeste\u015b w dobrym miejscu<\/strong>:<\/h3>\n\n\n\n<ul class=\"wp-block-list\">\n<li>Po stracie zaczynasz podejmowa\u0107 inne decyzje<\/li>\n\n\n\n<li>Wiesz co robi\u0107, ale w kluczowym momencie tego nie robisz<\/li>\n\n\n\n<li>Po zysku zmienia si\u0119 Twoje zachowanie<\/li>\n\n\n\n<li>Drawdown powoduje u Ciebie silne emocje i reakcje emocjonalne<\/li>\n\n\n\n<li>Klikasz, \u017ceby zmniejszy\u0107 napi\u0119cie<\/li>\n\n\n\n<li>Zmieniasz plan w trakcie sesji<\/li>\n\n\n\n<li>Pr\u00f3bujesz \u201eodrobi\u0107\u201d<\/li>\n<\/ul>\n\n\n\n<p class=\"has-text-align-center has-medium-font-size\"><strong>To nie jest brak wiedzy ani charakteru.<br>To brak ochrony procesu w warunkach presji.<\/strong><\/p>\n\n\n\n<h3 class=\"wp-block-heading has-text-align-center has-ast-global-color-1-color has-text-color has-link-color wp-elements-927895b36a3f196e963d07a5af82c13c\">Psycholog tradingu &#8211; jak pracuj\u0119?<\/h3>\n\n\n\n<p class=\"has-text-align-center has-ast-global-color-6-color has-text-color has-link-color has-medium-font-size wp-elements-5a000ddcd117a7ace03c0aeae78031b2\"><strong>Pracuj\u0119 w oparciu o<\/strong> <strong>Model Ochrony Procesu. Jest to system, kt\u00f3ry chroni Tw\u00f3j proces decyzyjny w warunkach stresu i niepewno\u015bci.<br>Nie uczy Ci\u0119 lepiej handlowa\u0107 \u2013 uczy Ci\u0119 nie psu\u0107 tego, co ju\u017c potrafisz.<\/strong><\/p>\n\n\n\n<h3 class=\"wp-block-heading has-text-align-center has-ast-global-color-1-color has-text-color has-link-color wp-elements-688785f32afbf77955427a353fc29d53\">Czym <strong>nie jest<\/strong> Model Ochrony Procesu?<\/h3>\n\n\n\n<ul class=\"wp-block-list\">\n<li>nie jest sposobem motywacyjnym<\/li>\n\n\n\n<li>nie s\u0105 to afirmacje<\/li>\n\n\n\n<li>nie jest to analiza wyniku finansowego tradera<\/li>\n<\/ul>\n\n\n\n<h3 class=\"wp-block-heading has-text-align-center has-ast-global-color-1-color has-text-color has-link-color wp-elements-9c435d23bbc85a48028022eb8f35b38c\">Czym jest Model Ochrony Procesu?<\/h3>\n\n\n\n<p class=\"has-text-align-center has-medium-font-size\">Jest sp\u00f3jnym systemem <strong>procedur, ogranicze\u0144 i decyzje ochron<\/strong>nych.<\/p>\n\n\n\n<h3 class=\"wp-block-heading has-text-align-center has-ast-global-color-1-color has-text-color has-link-color wp-elements-88e063b372b984dd1a177eedb20e7be9\">W czym pomaga Model Ochrony Procesu?<\/h3>\n\n\n\n<p class=\"has-text-align-center has-ast-global-color-8-color has-text-color has-link-color has-medium-font-size wp-elements-415f6c20a9de7dbc82de9b563caf4d93\"><strong>Nie pomaga wi\u0119cej zarabia\u0107.<br>Pomaga przesta\u0107 traci\u0107 przez b\u0142\u0119dy psychologiczne.<br>To jest warunek, kt\u00f3ry pozwala<\/strong> <strong>zarabia\u0107 w d\u0142ugim terminie.<\/strong><\/p>\n\n\n\n<h3 class=\"wp-block-heading has-text-align-center\">Psycholog tradingu &#8211; wi\u0119cej o mnie przeczytasz, gdy klikniesz <a href=\"https:\/\/zentrading.pl\/psycholog-tradingu\/\">tutaj<\/a><\/h3>\n\n\n\n<h3 class=\"wp-block-heading has-text-align-center has-ast-global-color-1-color has-text-color has-link-color wp-elements-2f2c881abd05918f2de0edf9937a751e\"><strong>Dla kogo jest ten program, a dla kogo nie?<\/strong><\/h3>\n\n\n\n<p><strong>Jest dla:<\/strong><\/p>\n\n\n\n<ul class=\"wp-block-list\">\n<li><strong>trader\u00f3w o r\u00f3\u017cnym poziomie do\u015bwiadczenia &#8211; pocz\u0105tkuj\u0105cych, \u015bredniozaawansowanych i do\u015bwiadczonych<\/strong><\/li>\n\n\n\n<li><strong>os\u00f3b, kt\u00f3re wiedz\u0105, \u017ce ich problem w tradingu jest natury psychologicznej<\/strong><\/li>\n\n\n\n<li><strong>prop trader\u00f3w, inwestor\u00f3w kr\u00f3tko, \u015brednio i d\u0142ugoterminowych<\/strong><\/li>\n<\/ul>\n\n\n\n<p><\/p>\n\n\n\n<p><strong>Zdecydowanie nie jest dla:<\/strong><\/p>\n\n\n\n<ul class=\"wp-block-list\">\n<li><strong>os\u00f3b poszukuj\u0105cych strategii<\/strong><\/li>\n\n\n\n<li><strong>trader\u00f3w oczekuj\u0105cych \u201emotywacji\u201d<\/strong><\/li>\n\n\n\n<li><strong>trader\u00f3w chc\u0105cych szybkich wynik\u00f3w<\/strong><\/li>\n<\/ul>\n\n\n\n<p class=\"has-text-align-center has-ast-global-color-1-color has-ast-global-color-5-background-color has-text-color has-background has-link-color has-large-font-size wp-elements-4864dd9a60c62260524a7f11119e5f9c\"><strong>Zapraszam na mojego <a href=\"https:\/\/psychologtradingu.pl\/?page_id=10\">BLOGA<\/a>.<\/strong><\/p>\n\n\n\n<div class=\"wp-block-buttons is-content-justification-center is-layout-flex wp-container-core-buttons-is-layout-a89b3969 wp-block-buttons-is-layout-flex\">\n<div class=\"wp-block-button\"><a class=\"wp-block-button__link wp-element-button\" href=\"https:\/\/psychologtradingu.pl\/?page_id=10\">ID\u0179 DO ARTYKU\u0141\u00d3W<\/a><\/div>\n<\/div>\n\n\n\n<p><\/p>\n\n\n<ul class=\"wp-block-latest-posts__list is-grid columns-3 has-author aligncenter wp-block-latest-posts\"><li><div class=\"wp-block-latest-posts__featured-image\"><img loading=\"lazy\" decoding=\"async\" width=\"150\" height=\"150\" src=\"https:\/\/psychologtradingu.pl\/wp-content\/uploads\/2026\/03\/DALL\u00b7E-2026-03-07-12.34.56-Highly-symbolic-artistic-illustration-of-trading-as-a-psychological-mirror.-A-trader-stands-in-a-dark-room-facing-a-large-mirror-made-of-glowing-marke-150x150.webp\" class=\"attachment-thumbnail size-thumbnail wp-post-image\" alt=\"Psychologia w tradingu\" style=\"\" srcset=\"https:\/\/psychologtradingu.pl\/wp-content\/uploads\/2026\/03\/DALL\u00b7E-2026-03-07-12.34.56-Highly-symbolic-artistic-illustration-of-trading-as-a-psychological-mirror.-A-trader-stands-in-a-dark-room-facing-a-large-mirror-made-of-glowing-marke-150x150.webp 150w, https:\/\/psychologtradingu.pl\/wp-content\/uploads\/2026\/03\/DALL\u00b7E-2026-03-07-12.34.56-Highly-symbolic-artistic-illustration-of-trading-as-a-psychological-mirror.-A-trader-stands-in-a-dark-room-facing-a-large-mirror-made-of-glowing-marke-300x300.webp 300w, https:\/\/psychologtradingu.pl\/wp-content\/uploads\/2026\/03\/DALL\u00b7E-2026-03-07-12.34.56-Highly-symbolic-artistic-illustration-of-trading-as-a-psychological-mirror.-A-trader-stands-in-a-dark-room-facing-a-large-mirror-made-of-glowing-marke-768x768.webp 768w, https:\/\/psychologtradingu.pl\/wp-content\/uploads\/2026\/03\/DALL\u00b7E-2026-03-07-12.34.56-Highly-symbolic-artistic-illustration-of-trading-as-a-psychological-mirror.-A-trader-stands-in-a-dark-room-facing-a-large-mirror-made-of-glowing-marke.webp 1024w\" sizes=\"auto, (max-width: 150px) 100vw, 150px\" \/><\/div><a class=\"wp-block-latest-posts__post-title\" href=\"https:\/\/psychologtradingu.pl\/?p=185\">Trading jest niczym lustro, czyli dlaczego trader powinien przygl\u0105da\u0107 si\u0119 sobie psychologicznie<\/a><div class=\"wp-block-latest-posts__post-author\">przez psychologtradingu-manager.pl<\/div><div class=\"wp-block-latest-posts__post-excerpt\">Wielu trader\u00f3w na pocz\u0105tkowym etapie swojej przygody z tradingiem zaczyna od tego samego pytania: \u201eJaka strategia dzia\u0142a?\u201d\nSzukaj\u0105 setup\u00f3w, wska\u017anik\u00f3w, metod analizy rynku. Testuj\u0105 r\u00f3\u017cne systemy, zmieniaj\u0105 interwa\u0142y, ucz\u0105 si\u0119 zarz\u0105dzania ryzykiem. To naturalne, poniewa\u017c trading wydaje si\u0119 przede wszystkim gr\u0105 opart\u0105 o analiz\u0119 rynku&#8230;\n\n<\/div><\/li>\n<li><div class=\"wp-block-latest-posts__featured-image\"><img loading=\"lazy\" decoding=\"async\" width=\"150\" height=\"150\" src=\"https:\/\/psychologtradingu.pl\/wp-content\/uploads\/2026\/02\/DALL\u00b7E-2026-02-01-16.43.52-Symbolic-and-dramatic-illustration-for-a-trading-psychology-article-about-avoiding-revenge-trading.-One-scene-shows-a-trader-sitting-tensely-in-a-dark-150x150.webp\" class=\"attachment-thumbnail size-thumbnail wp-post-image\" alt=\"Revenge trading\" style=\"\" srcset=\"https:\/\/psychologtradingu.pl\/wp-content\/uploads\/2026\/02\/DALL\u00b7E-2026-02-01-16.43.52-Symbolic-and-dramatic-illustration-for-a-trading-psychology-article-about-avoiding-revenge-trading.-One-scene-shows-a-trader-sitting-tensely-in-a-dark-150x150.webp 150w, https:\/\/psychologtradingu.pl\/wp-content\/uploads\/2026\/02\/DALL\u00b7E-2026-02-01-16.43.52-Symbolic-and-dramatic-illustration-for-a-trading-psychology-article-about-avoiding-revenge-trading.-One-scene-shows-a-trader-sitting-tensely-in-a-dark-300x300.webp 300w, https:\/\/psychologtradingu.pl\/wp-content\/uploads\/2026\/02\/DALL\u00b7E-2026-02-01-16.43.52-Symbolic-and-dramatic-illustration-for-a-trading-psychology-article-about-avoiding-revenge-trading.-One-scene-shows-a-trader-sitting-tensely-in-a-dark-768x768.webp 768w, https:\/\/psychologtradingu.pl\/wp-content\/uploads\/2026\/02\/DALL\u00b7E-2026-02-01-16.43.52-Symbolic-and-dramatic-illustration-for-a-trading-psychology-article-about-avoiding-revenge-trading.-One-scene-shows-a-trader-sitting-tensely-in-a-dark.webp 1024w\" sizes=\"auto, (max-width: 150px) 100vw, 150px\" \/><\/div><a class=\"wp-block-latest-posts__post-title\" href=\"https:\/\/psychologtradingu.pl\/?p=172\">Revenge trading &#8211; pu\u0142apka psychologiczna<\/a><div class=\"wp-block-latest-posts__post-author\">przez psychologtradingu-manager.pl<\/div><div class=\"wp-block-latest-posts__post-excerpt\">W teorii revenge trading to ch\u0119\u0107 \u201eodegrania si\u0119\u201d po stracie. W praktyce jest to pr\u00f3ba regulacji napi\u0119cia przez dzia\u0142anie.<\/div><\/li>\n<li><div class=\"wp-block-latest-posts__featured-image\"><img loading=\"lazy\" decoding=\"async\" width=\"150\" height=\"150\" src=\"https:\/\/psychologtradingu.pl\/wp-content\/uploads\/2026\/01\/7f148408-c795-4145-8f4b-1512b1f6556b-150x150.webp\" class=\"attachment-thumbnail size-thumbnail wp-post-image\" alt=\"potrzeby tradera\" style=\"\" srcset=\"https:\/\/psychologtradingu.pl\/wp-content\/uploads\/2026\/01\/7f148408-c795-4145-8f4b-1512b1f6556b-150x150.webp 150w, https:\/\/psychologtradingu.pl\/wp-content\/uploads\/2026\/01\/7f148408-c795-4145-8f4b-1512b1f6556b-300x300.webp 300w, https:\/\/psychologtradingu.pl\/wp-content\/uploads\/2026\/01\/7f148408-c795-4145-8f4b-1512b1f6556b-768x768.webp 768w, https:\/\/psychologtradingu.pl\/wp-content\/uploads\/2026\/01\/7f148408-c795-4145-8f4b-1512b1f6556b.webp 1024w\" sizes=\"auto, (max-width: 150px) 100vw, 150px\" \/><\/div><a class=\"wp-block-latest-posts__post-title\" href=\"https:\/\/psychologtradingu.pl\/?p=144\">Czego trader naprawd\u0119 potrzebuje od psychologa?<\/a><div class=\"wp-block-latest-posts__post-author\">przez psychologtradingu-manager.pl<\/div><div class=\"wp-block-latest-posts__post-excerpt\">Wielu trader\u00f3w trafia do psychologa z jednym, bardzo og\u00f3lnym oczekiwaniem &#8211; \u201eChc\u0119 lepiej ogarnia\u0107 emocje.\u201d To zrozumia\u0142e. Problem w tym, \u017ce to najcz\u0119\u015bciej nie s\u0105 prawdziwe potrzeby tradera. Prawdziwa praca psychologiczna w tradingu zaczyna si\u0119 du\u017co g\u0142\u0119biej i jest znacznie bardziej konkretna. Czytaj\u0105c dalej, sprawd\u017a sam czy si\u0119 ze mn\u0105 zgadzasz.<\/div><\/li>\n<li><div class=\"wp-block-latest-posts__featured-image\"><img loading=\"lazy\" decoding=\"async\" width=\"150\" height=\"150\" src=\"https:\/\/psychologtradingu.pl\/wp-content\/uploads\/2026\/01\/0d2639c8-aa72-4461-b8d1-6a8536a8ead5-150x150.webp\" class=\"attachment-thumbnail size-thumbnail wp-post-image\" alt=\"Psycholog tradingu -czym si\u0119 nie zajmuje\" style=\"\" srcset=\"https:\/\/psychologtradingu.pl\/wp-content\/uploads\/2026\/01\/0d2639c8-aa72-4461-b8d1-6a8536a8ead5-150x150.webp 150w, https:\/\/psychologtradingu.pl\/wp-content\/uploads\/2026\/01\/0d2639c8-aa72-4461-b8d1-6a8536a8ead5-300x300.webp 300w, https:\/\/psychologtradingu.pl\/wp-content\/uploads\/2026\/01\/0d2639c8-aa72-4461-b8d1-6a8536a8ead5-768x768.webp 768w, https:\/\/psychologtradingu.pl\/wp-content\/uploads\/2026\/01\/0d2639c8-aa72-4461-b8d1-6a8536a8ead5.webp 1024w\" sizes=\"auto, (max-width: 150px) 100vw, 150px\" \/><\/div><a class=\"wp-block-latest-posts__post-title\" href=\"https:\/\/psychologtradingu.pl\/?p=67\">Czym nie zajmuje si\u0119 psycholog tradingu?<\/a><div class=\"wp-block-latest-posts__post-author\">przez psychologtradingu-manager.pl<\/div><div class=\"wp-block-latest-posts__post-excerpt\">Wok\u00f3\u0142 psychologii tradingu naros\u0142o wiele nieporozumie\u0144.\nCz\u0119\u015b\u0107 trader\u00f3w oczekuje motywacji, cz\u0119\u015b\u0107 \u201enaprawy emocji\u201d, inni szybkiego sposobu na lepsze wyniki. To zrozumia\u0142e, ale w wi\u0119kszo\u015bci przypadk\u00f3w rozmija si\u0119 z tym, czym naprawd\u0119 jest ta praca.\nDlatego warto jasno powiedzie\u0107, czego psycholog tradingu nie robi.<\/div><\/li>\n<li><div class=\"wp-block-latest-posts__featured-image\"><img loading=\"lazy\" decoding=\"async\" width=\"150\" height=\"150\" src=\"https:\/\/psychologtradingu.pl\/wp-content\/uploads\/2026\/01\/2f7d1f61-54d1-4f2d-94ef-f7d53c254229-150x150.webp\" class=\"attachment-thumbnail size-thumbnail wp-post-image\" alt=\"Psycholog tradingu - jak pracuje?\" style=\"\" srcset=\"https:\/\/psychologtradingu.pl\/wp-content\/uploads\/2026\/01\/2f7d1f61-54d1-4f2d-94ef-f7d53c254229-150x150.webp 150w, https:\/\/psychologtradingu.pl\/wp-content\/uploads\/2026\/01\/2f7d1f61-54d1-4f2d-94ef-f7d53c254229-300x300.webp 300w, https:\/\/psychologtradingu.pl\/wp-content\/uploads\/2026\/01\/2f7d1f61-54d1-4f2d-94ef-f7d53c254229-768x768.webp 768w, https:\/\/psychologtradingu.pl\/wp-content\/uploads\/2026\/01\/2f7d1f61-54d1-4f2d-94ef-f7d53c254229.webp 1024w\" sizes=\"auto, (max-width: 150px) 100vw, 150px\" \/><\/div><a class=\"wp-block-latest-posts__post-title\" href=\"https:\/\/psychologtradingu.pl\/?p=45\">Jak wygl\u0105da prawdziwa praca psychologiczna z traderem?<\/a><div class=\"wp-block-latest-posts__post-author\">przez psychologtradingu-manager.pl<\/div><div class=\"wp-block-latest-posts__post-excerpt\">Psycholog tradingu nie ma dzisiaj najlepszego PR-u. Na temat tego, jak pracuje psycholog tradingu kr\u0105\u017cy wiele mit\u00f3w. Jedni kojarz\u0105 j\u0105 z afirmacjami i \u201emindsetem zwyci\u0119zcy\u201d, inni z pr\u00f3b\u0105 \u201enaprawiania emocji\u201d. W efekcie wielu trader\u00f3w uwa\u017ca, \u017ce praca psychologiczna to co\u015b mi\u0119kkiego niekonkretnego albo zb\u0119dnego \u2014 dop\u00f3ki nie przyjdzie drawdown.\nTymczasem prawdziwa praca psychologiczna z traderem wygl\u0105da zupe\u0142nie inaczej ni\u017c sugeruj\u0105 popularne wyobra\u017cenia.\n.<\/div><\/li>\n<\/ul>\n\n\n<p><\/p>\n\n\n\n<h4 class=\"wp-block-heading\">Psycholog tradingu &#8211; zapraszam na moj\u0105 stron\u0119 <a href=\"https:\/\/zentrading.pl\/\">zentrading.pl<\/a> oraz mojego <a href=\"https:\/\/zentrading.pl\/psychologia-tradingu\/\">bloga<\/a>, gdzie znajdziesz du\u017co warto\u015bciowej wiedzy na temat psychologii tradingu.<\/h4>\n\n\n\n<p><\/p>\n","protected":false},"excerpt":{"rendered":"<p>Psycholog tradingu &#8211; Dawid Fr\u0105ckowiak Witaj na mojej stronie! Poznaj moj\u0105 filozofi\u0119 i metodyk\u0119 pracy psychologicznej z traderami. Jako psycholog [&hellip;]<\/p>\n","protected":false},"author":1,"featured_media":0,"parent":0,"menu_order":0,"comment_status":"closed","ping_status":"closed","template":"","meta":{"_uag_custom_page_level_css":"","_monsterinsights_skip_tracking":false,"_monsterinsights_sitenote_active":false,"_monsterinsights_sitenote_note":"","_monsterinsights_sitenote_category":0,"site-sidebar-layout":"default","site-content-layout":"","ast-site-content-layout":"default","site-content-style":"default","site-sidebar-style":"default","ast-global-header-display":"","ast-banner-title-visibility":"","ast-main-header-display":"","ast-hfb-above-header-display":"","ast-hfb-below-header-display":"","ast-hfb-mobile-header-display":"","site-post-title":"disabled","ast-breadcrumbs-content":"","ast-featured-img":"","footer-sml-layout":"","ast-disable-related-posts":"","theme-transparent-header-meta":"","adv-header-id-meta":"","stick-header-meta":"","header-above-stick-meta":"","header-main-stick-meta":"","header-below-stick-meta":"","astra-migrate-meta-layouts":"default","ast-page-background-enabled":"default","ast-page-background-meta":{"desktop":{"background-color":"var(--ast-global-color-5)","background-image":"","background-repeat":"repeat","background-position":"center center","background-size":"auto","background-attachment":"scroll","background-type":"","background-media":"","overlay-type":"","overlay-color":"","overlay-opacity":"","overlay-gradient":""},"tablet":{"background-color":"","background-image":"","background-repeat":"repeat","background-position":"center center","background-size":"auto","background-attachment":"scroll","background-type":"","background-media":"","overlay-type":"","overlay-color":"","overlay-opacity":"","overlay-gradient":""},"mobile":{"background-color":"","background-image":"","background-repeat":"repeat","background-position":"center center","background-size":"auto","background-attachment":"scroll","background-type":"","background-media":"","overlay-type":"","overlay-color":"","overlay-opacity":"","overlay-gradient":""}},"ast-content-background-meta":{"desktop":{"background-color":"var(--ast-global-color-4)","background-image":"","background-repeat":"repeat","background-position":"center center","background-size":"auto","background-attachment":"scroll","background-type":"","background-media":"","overlay-type":"","overlay-color":"","overlay-opacity":"","overlay-gradient":""},"tablet":{"background-color":"var(--ast-global-color-4)","background-image":"","background-repeat":"repeat","background-position":"center center","background-size":"auto","background-attachment":"scroll","background-type":"","background-media":"","overlay-type":"","overlay-color":"","overlay-opacity":"","overlay-gradient":""},"mobile":{"background-color":"var(--ast-global-color-4)","background-image":"","background-repeat":"repeat","background-position":"center center","background-size":"auto","background-attachment":"scroll","background-type":"","background-media":"","overlay-type":"","overlay-color":"","overlay-opacity":"","overlay-gradient":""}},"footnotes":""},"class_list":["post-7","page","type-page","status-publish","hentry"],"yoast_head":"<!-- This site is optimized with the Yoast SEO plugin v27.4 - https:\/\/yoast.com\/product\/yoast-seo-wordpress\/ -->\n<title>Psycholog tradingu Dawid Fr\u0105ckowiak<\/title>\n<meta name=\"description\" content=\"Psycholog tradingu - Dawid Fr\u0105ckowiak - sprawd\u017a w kt\u00f3rym miejscu psuje si\u0119 Tw\u00f3j proces tradingu - um\u00f3w si\u0119 na sesj\u0119 diagnostyczn\u0105\" \/>\n<meta name=\"robots\" content=\"index, follow, max-snippet:-1, max-image-preview:large, max-video-preview:-1\" \/>\n<link rel=\"canonical\" href=\"https:\/\/psychologtradingu.pl\/\" \/>\n<meta property=\"og:locale\" content=\"pl_PL\" \/>\n<meta property=\"og:type\" content=\"article\" \/>\n<meta property=\"og:title\" content=\"Psycholog tradingu Dawid Fr\u0105ckowiak\" \/>\n<meta property=\"og:description\" content=\"Psycholog tradingu - Dawid Fr\u0105ckowiak - sprawd\u017a w kt\u00f3rym miejscu psuje si\u0119 Tw\u00f3j proces tradingu - um\u00f3w si\u0119 na sesj\u0119 diagnostyczn\u0105\" \/>\n<meta property=\"og:url\" content=\"https:\/\/psychologtradingu.pl\/\" \/>\n<meta property=\"article:modified_time\" content=\"2026-01-25T20:07:08+00:00\" \/>\n<meta name=\"twitter:card\" content=\"summary_large_image\" \/>\n<meta name=\"twitter:label1\" content=\"Szacowany czas czytania\" \/>\n\t<meta name=\"twitter:data1\" content=\"3 minuty\" \/>\n<script type=\"application\/ld+json\" class=\"yoast-schema-graph\">{\"@context\":\"https:\\\/\\\/schema.org\",\"@graph\":[{\"@type\":\"WebPage\",\"@id\":\"https:\\\/\\\/psychologtradingu.pl\\\/\",\"url\":\"https:\\\/\\\/psychologtradingu.pl\\\/\",\"name\":\"Psycholog tradingu Dawid Fr\u0105ckowiak\",\"isPartOf\":{\"@id\":\"https:\\\/\\\/psychologtradingu.pl\\\/#website\"},\"datePublished\":\"2026-01-01T12:38:03+00:00\",\"dateModified\":\"2026-01-25T20:07:08+00:00\",\"description\":\"Psycholog tradingu - Dawid Fr\u0105ckowiak - sprawd\u017a w kt\u00f3rym miejscu psuje si\u0119 Tw\u00f3j proces tradingu - um\u00f3w si\u0119 na sesj\u0119 diagnostyczn\u0105\",\"breadcrumb\":{\"@id\":\"https:\\\/\\\/psychologtradingu.pl\\\/#breadcrumb\"},\"inLanguage\":\"pl-PL\",\"potentialAction\":[{\"@type\":\"ReadAction\",\"target\":[\"https:\\\/\\\/psychologtradingu.pl\\\/\"]}]},{\"@type\":\"BreadcrumbList\",\"@id\":\"https:\\\/\\\/psychologtradingu.pl\\\/#breadcrumb\",\"itemListElement\":[{\"@type\":\"ListItem\",\"position\":1,\"name\":\"Strona g\u0142\u00f3wna\",\"item\":\"https:\\\/\\\/psychologtradingu.pl\\\/\"},{\"@type\":\"ListItem\",\"position\":2,\"name\":\"STRONA G\u0141\u00d3WNA\"}]},{\"@type\":\"WebSite\",\"@id\":\"https:\\\/\\\/psychologtradingu.pl\\\/#website\",\"url\":\"https:\\\/\\\/psychologtradingu.pl\\\/\",\"name\":\"\",\"description\":\"Strona dotycz\u0105ca pomocy psychologicznej dla inwestor\u00f3w i trader\u00f3w\",\"potentialAction\":[{\"@type\":\"SearchAction\",\"target\":{\"@type\":\"EntryPoint\",\"urlTemplate\":\"https:\\\/\\\/psychologtradingu.pl\\\/?s={search_term_string}\"},\"query-input\":{\"@type\":\"PropertyValueSpecification\",\"valueRequired\":true,\"valueName\":\"search_term_string\"}}],\"inLanguage\":\"pl-PL\"}]}<\/script>\n<!-- \/ Yoast SEO plugin. -->","yoast_head_json":{"title":"Psycholog tradingu Dawid Fr\u0105ckowiak","description":"Psycholog tradingu - Dawid Fr\u0105ckowiak - sprawd\u017a w kt\u00f3rym miejscu psuje si\u0119 Tw\u00f3j proces tradingu - um\u00f3w si\u0119 na sesj\u0119 diagnostyczn\u0105","robots":{"index":"index","follow":"follow","max-snippet":"max-snippet:-1","max-image-preview":"max-image-preview:large","max-video-preview":"max-video-preview:-1"},"canonical":"https:\/\/psychologtradingu.pl\/","og_locale":"pl_PL","og_type":"article","og_title":"Psycholog tradingu Dawid Fr\u0105ckowiak","og_description":"Psycholog tradingu - Dawid Fr\u0105ckowiak - sprawd\u017a w kt\u00f3rym miejscu psuje si\u0119 Tw\u00f3j proces tradingu - um\u00f3w si\u0119 na sesj\u0119 diagnostyczn\u0105","og_url":"https:\/\/psychologtradingu.pl\/","article_modified_time":"2026-01-25T20:07:08+00:00","twitter_card":"summary_large_image","twitter_misc":{"Szacowany czas czytania":"3 minuty"},"schema":{"@context":"https:\/\/schema.org","@graph":[{"@type":"WebPage","@id":"https:\/\/psychologtradingu.pl\/","url":"https:\/\/psychologtradingu.pl\/","name":"Psycholog tradingu Dawid Fr\u0105ckowiak","isPartOf":{"@id":"https:\/\/psychologtradingu.pl\/#website"},"datePublished":"2026-01-01T12:38:03+00:00","dateModified":"2026-01-25T20:07:08+00:00","description":"Psycholog tradingu - Dawid Fr\u0105ckowiak - sprawd\u017a w kt\u00f3rym miejscu psuje si\u0119 Tw\u00f3j proces tradingu - um\u00f3w si\u0119 na sesj\u0119 diagnostyczn\u0105","breadcrumb":{"@id":"https:\/\/psychologtradingu.pl\/#breadcrumb"},"inLanguage":"pl-PL","potentialAction":[{"@type":"ReadAction","target":["https:\/\/psychologtradingu.pl\/"]}]},{"@type":"BreadcrumbList","@id":"https:\/\/psychologtradingu.pl\/#breadcrumb","itemListElement":[{"@type":"ListItem","position":1,"name":"Strona g\u0142\u00f3wna","item":"https:\/\/psychologtradingu.pl\/"},{"@type":"ListItem","position":2,"name":"STRONA G\u0141\u00d3WNA"}]},{"@type":"WebSite","@id":"https:\/\/psychologtradingu.pl\/#website","url":"https:\/\/psychologtradingu.pl\/","name":"","description":"Strona dotycz\u0105ca pomocy psychologicznej dla inwestor\u00f3w i trader\u00f3w","potentialAction":[{"@type":"SearchAction","target":{"@type":"EntryPoint","urlTemplate":"https:\/\/psychologtradingu.pl\/?s={search_term_string}"},"query-input":{"@type":"PropertyValueSpecification","valueRequired":true,"valueName":"search_term_string"}}],"inLanguage":"pl-PL"}]}},"uagb_featured_image_src":{"full":false,"thumbnail":false,"medium":false,"medium_large":false,"large":false,"1536x1536":false,"2048x2048":false,"mailpoet_newsletter_max":false},"uagb_author_info":{"display_name":"psychologtradingu-manager.pl","author_link":"https:\/\/psychologtradingu.pl\/?author=1"},"uagb_comment_info":0,"uagb_excerpt":"Psycholog tradingu &#8211; Dawid Fr\u0105ckowiak Witaj na mojej stronie! Poznaj moj\u0105 filozofi\u0119 i metodyk\u0119 pracy psychologicznej z traderami. Jako psycholog [&hellip;]","_links":{"self":[{"href":"https:\/\/psychologtradingu.pl\/index.php?rest_route=\/wp\/v2\/pages\/7","targetHints":{"allow":["GET"]}}],"collection":[{"href":"https:\/\/psychologtradingu.pl\/index.php?rest_route=\/wp\/v2\/pages"}],"about":[{"href":"https:\/\/psychologtradingu.pl\/index.php?rest_route=\/wp\/v2\/types\/page"}],"author":[{"embeddable":true,"href":"https:\/\/psychologtradingu.pl\/index.php?rest_route=\/wp\/v2\/users\/1"}],"replies":[{"embeddable":true,"href":"https:\/\/psychologtradingu.pl\/index.php?rest_route=%2Fwp%2Fv2%2Fcomments&post=7"}],"version-history":[{"count":22,"href":"https:\/\/psychologtradingu.pl\/index.php?rest_route=\/wp\/v2\/pages\/7\/revisions"}],"predecessor-version":[{"id":169,"href":"https:\/\/psychologtradingu.pl\/index.php?rest_route=\/wp\/v2\/pages\/7\/revisions\/169"}],"wp:attachment":[{"href":"https:\/\/psychologtradingu.pl\/index.php?rest_route=%2Fwp%2Fv2%2Fmedia&parent=7"}],"curies":[{"name":"wp","href":"https:\/\/api.w.org\/{rel}","templated":true}]}}