{"id":14,"date":"2026-01-01T13:39:56","date_gmt":"2026-01-01T12:39:56","guid":{"rendered":"https:\/\/psychologtradingu.pl\/?page_id=14"},"modified":"2026-03-07T12:50:27","modified_gmt":"2026-03-07T11:50:27","slug":"kontakt","status":"publish","type":"page","link":"https:\/\/psychologtradingu.pl\/?page_id=14","title":{"rendered":"KONTAKT"},"content":{"rendered":"<style id=\"wpforms-css-vars-91-block-1eeff2be-c9d3-426b-9c57-584c4ad6b67d\">\n\t\t\t\t#wpforms-91.wpforms-block-1eeff2be-c9d3-426b-9c57-584c4ad6b67d {\n\t\t\t\t--wpforms-field-size-input-height: 43px;\n--wpforms-field-size-input-spacing: 15px;\n--wpforms-field-size-font-size: 16px;\n--wpforms-field-size-line-height: 19px;\n--wpforms-field-size-padding-h: 14px;\n--wpforms-field-size-checkbox-size: 16px;\n--wpforms-field-size-sublabel-spacing: 5px;\n--wpforms-field-size-icon-size: 1;\n--wpforms-label-size-font-size: 16px;\n--wpforms-label-size-line-height: 19px;\n--wpforms-label-size-sublabel-font-size: 14px;\n--wpforms-label-size-sublabel-line-height: 17px;\n--wpforms-button-size-font-size: 17px;\n--wpforms-button-size-height: 41px;\n--wpforms-button-size-padding-h: 15px;\n--wpforms-button-size-margin-top: 10px;\n\t\t\t}\n\t\t\t<\/style><div class=\"wpforms-container wpforms-container-full wpforms-block wpforms-block-1eeff2be-c9d3-426b-9c57-584c4ad6b67d wpforms-render-modern\" id=\"wpforms-91\"><form id=\"wpforms-form-91\" class=\"wpforms-validate wpforms-form wpforms-ajax-form\" data-formid=\"91\" method=\"post\" enctype=\"multipart\/form-data\" action=\"\/index.php?rest_route=%2Fwp%2Fv2%2Fpages%2F14\" data-token=\"1e57b7d3295aaa527a52c3eba6d2dff4\" data-token-time=\"1776523017\"><noscript class=\"wpforms-error-noscript\">Aby wype\u0142ni\u0107 ten formularz, w\u0142\u0105cz obs\u0142ug\u0119 JavaScript w przegl\u0105darce.<\/noscript><div id=\"wpforms-error-noscript\" style=\"display: none;\">Aby wype\u0142ni\u0107 ten formularz, w\u0142\u0105cz obs\u0142ug\u0119 JavaScript w przegl\u0105darce.<\/div><div class=\"wpforms-field-container\">\t\t<div id=\"wpforms-91-field_4-container\"\n\t\t\tclass=\"wpforms-field wpforms-field-text\"\n\t\t\tdata-field-type=\"text\"\n\t\t\tdata-field-id=\"4\"\n\t\t\t>\n\t\t\t<label class=\"wpforms-field-label\" for=\"wpforms-91-field_4\" >Imi\u0119 Komentarz wiadomo\u015b\u0107<\/label>\n\t\t\t<input type=\"text\" id=\"wpforms-91-field_4\" class=\"wpforms-field-medium\" name=\"wpforms[fields][4]\" >\n\t\t<\/div>\n\t\t<div id=\"wpforms-91-field_1-container\" class=\"wpforms-field wpforms-field-name\" data-field-id=\"1\"><label class=\"wpforms-field-label\" for=\"wpforms-91-field_1\">Imi\u0119 i nazwisko <span class=\"wpforms-required-label\" aria-hidden=\"true\">*<\/span><\/label><input type=\"text\" id=\"wpforms-91-field_1\" class=\"wpforms-field-medium wpforms-field-required\" name=\"wpforms[fields][1]\" aria-errormessage=\"wpforms-91-field_1-error\" required><\/div><div id=\"wpforms-91-field_6-container\" class=\"wpforms-field wpforms-field-number\" data-field-id=\"6\"><label class=\"wpforms-field-label\" for=\"wpforms-91-field_6\">Wpisz sw\u00f3j numer telefonu <span class=\"wpforms-required-label\" aria-hidden=\"true\">*<\/span><\/label><input type=\"number\" id=\"wpforms-91-field_6\" class=\"wpforms-field-medium wpforms-field-required\" name=\"wpforms[fields][6]\" step=\"any\" aria-errormessage=\"wpforms-91-field_6-error\" required><\/div><div id=\"wpforms-91-field_2-container\" class=\"wpforms-field wpforms-field-email\" data-field-id=\"2\"><label class=\"wpforms-field-label\" for=\"wpforms-91-field_2\">Adres e-mail <span class=\"wpforms-required-label\" aria-hidden=\"true\">*<\/span><\/label><input type=\"email\" id=\"wpforms-91-field_2\" class=\"wpforms-field-medium wpforms-field-required\" name=\"wpforms[fields][2]\" spellcheck=\"false\" aria-errormessage=\"wpforms-91-field_2-error\" required><\/div><div id=\"wpforms-91-field_3-container\" class=\"wpforms-field wpforms-field-textarea\" data-field-id=\"3\"><label class=\"wpforms-field-label\" for=\"wpforms-91-field_3\">Komentarz lub wiadomo\u015b\u0107<\/label><textarea id=\"wpforms-91-field_3\" class=\"wpforms-field-medium\" name=\"wpforms[fields][3]\" aria-errormessage=\"wpforms-91-field_3-error\" ><\/textarea><\/div><script>\n\t\t\t\t( function() {\n\t\t\t\t\tconst style = document.createElement( 'style' );\n\t\t\t\t\tstyle.appendChild( document.createTextNode( '#wpforms-91-field_4-container { position: absolute !important; overflow: hidden !important; display: inline !important; height: 1px !important; width: 1px !important; z-index: -1000 !important; padding: 0 !important; } #wpforms-91-field_4-container input { visibility: hidden; } #wpforms-conversational-form-page #wpforms-91-field_4-container label { counter-increment: none; }' ) );\n\t\t\t\t\tdocument.head.appendChild( style );\n\t\t\t\t\tdocument.currentScript?.remove();\n\t\t\t\t} )();\n\t\t\t<\/script><\/div><!-- .wpforms-field-container --><div class=\"wpforms-submit-container\" ><input type=\"hidden\" name=\"wpforms[id]\" value=\"91\"><input type=\"hidden\" name=\"page_title\" value=\"\"><input type=\"hidden\" name=\"page_url\" value=\"https:\/\/psychologtradingu.pl\/index.php?rest_route=\/wp\/v2\/pages\/14\"><input type=\"hidden\" name=\"url_referer\" value=\"\"><button type=\"submit\" name=\"wpforms[submit]\" id=\"wpforms-submit-91\" class=\"wpforms-submit\" data-alt-text=\"Wysy\u0142anie...\" data-submit-text=\"Prze\u015blij\" aria-live=\"assertive\" value=\"wpforms-submit\">Prze\u015blij<\/button><img loading=\"lazy\" decoding=\"async\" src=\"https:\/\/psychologtradingu.pl\/wp-content\/plugins\/wpforms-lite\/assets\/images\/submit-spin.svg\" class=\"wpforms-submit-spinner\" style=\"display: none;\" width=\"26\" height=\"26\" alt=\"Wczytywanie\"><\/div><\/form><\/div>  <!-- .wpforms-container -->","protected":false},"excerpt":{"rendered":"","protected":false},"author":1,"featured_media":0,"parent":0,"menu_order":0,"comment_status":"closed","ping_status":"closed","template":"","meta":{"_uag_custom_page_level_css":"","_monsterinsights_skip_tracking":false,"_monsterinsights_sitenote_active":false,"_monsterinsights_sitenote_note":"","_monsterinsights_sitenote_category":0,"site-sidebar-layout":"default","site-content-layout":"","ast-site-content-layout":"default","site-content-style":"default","site-sidebar-style":"default","ast-global-header-display":"","ast-banner-title-visibility":"","ast-main-header-display":"","ast-hfb-above-header-display":"","ast-hfb-below-header-display":"","ast-hfb-mobile-header-display":"","site-post-title":"","ast-breadcrumbs-content":"","ast-featured-img":"","footer-sml-layout":"","ast-disable-related-posts":"","theme-transparent-header-meta":"","adv-header-id-meta":"","stick-header-meta":"","header-above-stick-meta":"","header-main-stick-meta":"","header-below-stick-meta":"","astra-migrate-meta-layouts":"default","ast-page-background-enabled":"default","ast-page-background-meta":{"desktop":{"background-color":"var(--ast-global-color-5)","background-image":"","background-repeat":"repeat","background-position":"center center","background-size":"auto","background-attachment":"scroll","background-type":"","background-media":"","overlay-type":"","overlay-color":"","overlay-opacity":"","overlay-gradient":""},"tablet":{"background-color":"","background-image":"","background-repeat":"repeat","background-position":"center center","background-size":"auto","background-attachment":"scroll","background-type":"","background-media":"","overlay-type":"","overlay-color":"","overlay-opacity":"","overlay-gradient":""},"mobile":{"background-color":"","background-image":"","background-repeat":"repeat","background-position":"center center","background-size":"auto","background-attachment":"scroll","background-type":"","background-media":"","overlay-type":"","overlay-color":"","overlay-opacity":"","overlay-gradient":""}},"ast-content-background-meta":{"desktop":{"background-color":"var(--ast-global-color-4)","background-image":"","background-repeat":"repeat","background-position":"center center","background-size":"auto","background-attachment":"scroll","background-type":"","background-media":"","overlay-type":"","overlay-color":"","overlay-opacity":"","overlay-gradient":""},"tablet":{"background-color":"var(--ast-global-color-4)","background-image":"","background-repeat":"repeat","background-position":"center center","background-size":"auto","background-attachment":"scroll","background-type":"","background-media":"","overlay-type":"","overlay-color":"","overlay-opacity":"","overlay-gradient":""},"mobile":{"background-color":"var(--ast-global-color-4)","background-image":"","background-repeat":"repeat","background-position":"center center","background-size":"auto","background-attachment":"scroll","background-type":"","background-media":"","overlay-type":"","overlay-color":"","overlay-opacity":"","overlay-gradient":""}},"footnotes":""},"class_list":["post-14","page","type-page","status-publish","hentry"],"yoast_head":"<!-- This site is optimized with the Yoast SEO plugin v27.4 - https:\/\/yoast.com\/product\/yoast-seo-wordpress\/ -->\n<title>kontakt<\/title>\n<meta name=\"description\" content=\"Kontakt - psycholog tradingu - napisz do mnie lub zadzwo\u0144 w sprawie konsultacji psychologicznej - tel. 506 590 512\" \/>\n<meta name=\"robots\" content=\"index, follow, max-snippet:-1, max-image-preview:large, max-video-preview:-1\" \/>\n<link rel=\"canonical\" href=\"https:\/\/psychologtradingu.pl\/?page_id=14\" \/>\n<meta property=\"og:locale\" content=\"pl_PL\" \/>\n<meta property=\"og:type\" content=\"article\" \/>\n<meta property=\"og:title\" content=\"kontakt\" \/>\n<meta property=\"og:description\" content=\"Kontakt - psycholog tradingu - napisz do mnie lub zadzwo\u0144 w sprawie konsultacji psychologicznej - tel. 506 590 512\" \/>\n<meta property=\"og:url\" content=\"https:\/\/psychologtradingu.pl\/?page_id=14\" \/>\n<meta property=\"article:modified_time\" content=\"2026-03-07T11:50:27+00:00\" \/>\n<meta name=\"twitter:card\" content=\"summary_large_image\" \/>\n<script type=\"application\/ld+json\" class=\"yoast-schema-graph\">{\"@context\":\"https:\\\/\\\/schema.org\",\"@graph\":[{\"@type\":\"WebPage\",\"@id\":\"https:\\\/\\\/psychologtradingu.pl\\\/?page_id=14\",\"url\":\"https:\\\/\\\/psychologtradingu.pl\\\/?page_id=14\",\"name\":\"kontakt\",\"isPartOf\":{\"@id\":\"https:\\\/\\\/psychologtradingu.pl\\\/#website\"},\"datePublished\":\"2026-01-01T12:39:56+00:00\",\"dateModified\":\"2026-03-07T11:50:27+00:00\",\"description\":\"Kontakt - psycholog tradingu - napisz do mnie lub zadzwo\u0144 w sprawie konsultacji psychologicznej - tel. 506 590 512\",\"breadcrumb\":{\"@id\":\"https:\\\/\\\/psychologtradingu.pl\\\/?page_id=14#breadcrumb\"},\"inLanguage\":\"pl-PL\",\"potentialAction\":[{\"@type\":\"ReadAction\",\"target\":[\"https:\\\/\\\/psychologtradingu.pl\\\/?page_id=14\"]}]},{\"@type\":\"BreadcrumbList\",\"@id\":\"https:\\\/\\\/psychologtradingu.pl\\\/?page_id=14#breadcrumb\",\"itemListElement\":[{\"@type\":\"ListItem\",\"position\":1,\"name\":\"Strona g\u0142\u00f3wna\",\"item\":\"https:\\\/\\\/psychologtradingu.pl\\\/\"},{\"@type\":\"ListItem\",\"position\":2,\"name\":\"KONTAKT\"}]},{\"@type\":\"WebSite\",\"@id\":\"https:\\\/\\\/psychologtradingu.pl\\\/#website\",\"url\":\"https:\\\/\\\/psychologtradingu.pl\\\/\",\"name\":\"\",\"description\":\"Strona dotycz\u0105ca pomocy psychologicznej dla inwestor\u00f3w i trader\u00f3w\",\"potentialAction\":[{\"@type\":\"SearchAction\",\"target\":{\"@type\":\"EntryPoint\",\"urlTemplate\":\"https:\\\/\\\/psychologtradingu.pl\\\/?s={search_term_string}\"},\"query-input\":{\"@type\":\"PropertyValueSpecification\",\"valueRequired\":true,\"valueName\":\"search_term_string\"}}],\"inLanguage\":\"pl-PL\"}]}<\/script>\n<!-- \/ Yoast SEO plugin. -->","yoast_head_json":{"title":"kontakt","description":"Kontakt - psycholog tradingu - napisz do mnie lub zadzwo\u0144 w sprawie konsultacji psychologicznej - tel. 506 590 512","robots":{"index":"index","follow":"follow","max-snippet":"max-snippet:-1","max-image-preview":"max-image-preview:large","max-video-preview":"max-video-preview:-1"},"canonical":"https:\/\/psychologtradingu.pl\/?page_id=14","og_locale":"pl_PL","og_type":"article","og_title":"kontakt","og_description":"Kontakt - psycholog tradingu - napisz do mnie lub zadzwo\u0144 w sprawie konsultacji psychologicznej - tel. 506 590 512","og_url":"https:\/\/psychologtradingu.pl\/?page_id=14","article_modified_time":"2026-03-07T11:50:27+00:00","twitter_card":"summary_large_image","schema":{"@context":"https:\/\/schema.org","@graph":[{"@type":"WebPage","@id":"https:\/\/psychologtradingu.pl\/?page_id=14","url":"https:\/\/psychologtradingu.pl\/?page_id=14","name":"kontakt","isPartOf":{"@id":"https:\/\/psychologtradingu.pl\/#website"},"datePublished":"2026-01-01T12:39:56+00:00","dateModified":"2026-03-07T11:50:27+00:00","description":"Kontakt - psycholog tradingu - napisz do mnie lub zadzwo\u0144 w sprawie konsultacji psychologicznej - tel. 506 590 512","breadcrumb":{"@id":"https:\/\/psychologtradingu.pl\/?page_id=14#breadcrumb"},"inLanguage":"pl-PL","potentialAction":[{"@type":"ReadAction","target":["https:\/\/psychologtradingu.pl\/?page_id=14"]}]},{"@type":"BreadcrumbList","@id":"https:\/\/psychologtradingu.pl\/?page_id=14#breadcrumb","itemListElement":[{"@type":"ListItem","position":1,"name":"Strona g\u0142\u00f3wna","item":"https:\/\/psychologtradingu.pl\/"},{"@type":"ListItem","position":2,"name":"KONTAKT"}]},{"@type":"WebSite","@id":"https:\/\/psychologtradingu.pl\/#website","url":"https:\/\/psychologtradingu.pl\/","name":"","description":"Strona dotycz\u0105ca pomocy psychologicznej dla inwestor\u00f3w i trader\u00f3w","potentialAction":[{"@type":"SearchAction","target":{"@type":"EntryPoint","urlTemplate":"https:\/\/psychologtradingu.pl\/?s={search_term_string}"},"query-input":{"@type":"PropertyValueSpecification","valueRequired":true,"valueName":"search_term_string"}}],"inLanguage":"pl-PL"}]}},"uagb_featured_image_src":{"full":false,"thumbnail":false,"medium":false,"medium_large":false,"large":false,"1536x1536":false,"2048x2048":false,"mailpoet_newsletter_max":false},"uagb_author_info":{"display_name":"psychologtradingu-manager.pl","author_link":"https:\/\/psychologtradingu.pl\/?author=1"},"uagb_comment_info":0,"uagb_excerpt":null,"_links":{"self":[{"href":"https:\/\/psychologtradingu.pl\/index.php?rest_route=\/wp\/v2\/pages\/14","targetHints":{"allow":["GET"]}}],"collection":[{"href":"https:\/\/psychologtradingu.pl\/index.php?rest_route=\/wp\/v2\/pages"}],"about":[{"href":"https:\/\/psychologtradingu.pl\/index.php?rest_route=\/wp\/v2\/types\/page"}],"author":[{"embeddable":true,"href":"https:\/\/psychologtradingu.pl\/index.php?rest_route=\/wp\/v2\/users\/1"}],"replies":[{"embeddable":true,"href":"https:\/\/psychologtradingu.pl\/index.php?rest_route=%2Fwp%2Fv2%2Fcomments&post=14"}],"version-history":[{"count":2,"href":"https:\/\/psychologtradingu.pl\/index.php?rest_route=\/wp\/v2\/pages\/14\/revisions"}],"predecessor-version":[{"id":96,"href":"https:\/\/psychologtradingu.pl\/index.php?rest_route=\/wp\/v2\/pages\/14\/revisions\/96"}],"wp:attachment":[{"href":"https:\/\/psychologtradingu.pl\/index.php?rest_route=%2Fwp%2Fv2%2Fmedia&parent=14"}],"curies":[{"name":"wp","href":"https:\/\/api.w.org\/{rel}","templated":true}]}}