{"id":12,"date":"2026-01-01T13:39:14","date_gmt":"2026-01-01T12:39:14","guid":{"rendered":"https:\/\/psychologtradingu.pl\/?page_id=12"},"modified":"2026-01-25T21:10:52","modified_gmt":"2026-01-25T20:10:52","slug":"psychologia-tradingu-o-mnie","status":"publish","type":"page","link":"https:\/\/psychologtradingu.pl\/?page_id=12","title":{"rendered":"O MNIE"},"content":{"rendered":"\n<p>Witaj! Nazywam si\u0119 <strong>Dawid Fr\u0105ckowiak<\/strong> i jestem psychologiem, psychoterapeut\u0105 oraz trenerem rozwoju osobistego z wieloletni\u0105 praktyk\u0105. Od ponad dekady wspieram ludzi w budowaniu wi\u0119kszej \u015bwiadomo\u015bci siebie, swoich reakcji oraz \u015bwiadomego podejmowania decyzji &#8211; tak\u017ce w kontek\u015bcie inwestowania i tradingu.<\/p>\n\n\n\n<figure class=\"wp-block-image aligncenter size-large\"><img loading=\"lazy\" decoding=\"async\" width=\"768\" height=\"1024\" src=\"https:\/\/psychologtradingu.pl\/wp-content\/uploads\/2026\/01\/20200630_141423-768x1024.jpg\" alt=\"psycholog tradingu\" class=\"wp-image-77\" srcset=\"https:\/\/psychologtradingu.pl\/wp-content\/uploads\/2026\/01\/20200630_141423-768x1024.jpg 768w, https:\/\/psychologtradingu.pl\/wp-content\/uploads\/2026\/01\/20200630_141423-225x300.jpg 225w, https:\/\/psychologtradingu.pl\/wp-content\/uploads\/2026\/01\/20200630_141423-1152x1536.jpg 1152w, https:\/\/psychologtradingu.pl\/wp-content\/uploads\/2026\/01\/20200630_141423-1536x2048.jpg 1536w, https:\/\/psychologtradingu.pl\/wp-content\/uploads\/2026\/01\/20200630_141423-1320x1760.jpg 1320w, https:\/\/psychologtradingu.pl\/wp-content\/uploads\/2026\/01\/20200630_141423-scaled.jpg 1920w\" sizes=\"auto, (max-width: 768px) 100vw, 768px\" \/><\/figure>\n\n\n\n<p><\/p>\n\n\n\n<h4 class=\"wp-block-heading\">Psychologia tradingu<\/h4>\n\n\n\n<p>Moja przygoda z rynkami finansowymi zacz\u0119\u0142a si\u0119 w 2017 roku &#8211; od fascynacji mechanizmami inwestowania, poprzez stopniowe zanurzanie si\u0119 w realia tradingu. Sam aktywnie inwestuj\u0119 m.in. w ETF-y, akcje oraz by\u0142em zaanga\u017cowany w handel na rynku Forex i CFD. Te do\u015bwiadczenia pozwalaj\u0105 mi trafnie \u0142\u0105czy\u0107 <strong>psychologi\u0119 cz\u0142owieka z dynamicznym \u015bwiatem rynk\u00f3w<\/strong>, co jest kluczowe dla zrozumienia, jak emocje i my\u015bli wp\u0142ywaj\u0105 na decyzje inwestycyjne.<\/p>\n\n\n\n<p>Przez lata pracy przeprowadzi\u0142em tysi\u0105ce godzin konsultacji, sesji psychoterapeutycznych i trening\u00f3w rozwoju osobistego. Dzi\u0119ki temu doskonale rozumiem, co stoi za trudno\u015bciami, kt\u00f3re pojawiaj\u0105 si\u0119 u inwestor\u00f3w i trader\u00f3w &#8211; takimi jak strach przed strat\u0105, impulsywne decyzje, nadmierna kontrola wyniku czy brak stabilno\u015bci emocjonalnej w obliczu presji i niepewno\u015bci.<\/p>\n\n\n\n<p>W swojej praktyce nie skupiam si\u0119 na strategii rynkowej, <strong>ale na procesie decyzji<\/strong>, kt\u00f3ry w stresie i presji cz\u0119sto ulega zaburzeniu. Wierz\u0119, \u017ce zrozumienie w\u0142asnych mechanizm\u00f3w psychicznych to klucz do spokoju i \u015bwiadomego dzia\u0142ania &#8211; niezale\u017cnie od tego, czy dopiero zaczynasz przygod\u0119 z rynkami, czy masz ju\u017c za sob\u0105 lata do\u015bwiadcze\u0144.<\/p>\n\n\n\n<p>W swojej pracy opieram si\u0119 na <strong>Modelu Ochrony Procesu<\/strong> &#8211; praktycznej metodzie psychologicznej, kt\u00f3ra uczy chroni\u0107 Tw\u00f3j proces decyzyjny jeszcze zanim pojawi si\u0119 wynik. To system procedur i narz\u0119dzi pomagaj\u0105cy utrzyma\u0107 sp\u00f3jno\u015b\u0107, odporno\u015b\u0107 i powtarzalno\u015b\u0107 decyzji w stresie, drawdownie i presji &#8211; niezale\u017cnie od strategii, kt\u00f3r\u0105 stosujesz.<\/p>\n\n\n\n<p>Je\u015bli chcesz:<\/p>\n\n\n\n<ul class=\"wp-block-list\">\n<li>zbudowa\u0107 trwa\u0142\u0105 odporno\u015b\u0107 psychiczn\u0105 w inwestowaniu<\/li>\n\n\n\n<li>odzyska\u0107 kontrol\u0119 nad w\u0142asnym procesem decyzyjnym w kluczowych momentach<\/li>\n\n\n\n<li>albo po prostu spojrze\u0107 na sw\u00f3j trading z nowej perspektywy<\/li>\n<\/ul>\n\n\n\n<p>to jeste\u015b w dobrym miejscu.<\/p>\n\n\n\n<p><strong>Zapraszam Ci\u0119 do kontaktu<\/strong> &#8211; porozmawiajmy o tym, jak mog\u0119 Ci\u0119 wspiera\u0107 w Twojej drodze do bardziej \u015bwiadomego, stabilnego i satysfakcjonuj\u0105cego tradingu.<\/p>\n\n\n\n<div class=\"wp-block-buttons is-content-justification-center is-layout-flex wp-container-core-buttons-is-layout-a89b3969 wp-block-buttons-is-layout-flex\">\n<div class=\"wp-block-button\"><a class=\"wp-block-button__link has-text-align-center wp-element-button\" href=\"https:\/\/psychologtradingu.pl\/?page_id=14\">SKONTAKTUJ SI\u0118 ZE MN\u0104<\/a><\/div>\n<\/div>\n\n\n\n<h4 class=\"wp-block-heading\">Psychologia tradingu<\/h4>\n\n\n\n<p><\/p>\n","protected":false},"excerpt":{"rendered":"<p>Witaj! Nazywam si\u0119 Dawid Fr\u0105ckowiak i jestem psychologiem, psychoterapeut\u0105 oraz trenerem rozwoju osobistego z wieloletni\u0105 praktyk\u0105. Od ponad dekady wspieram [&hellip;]<\/p>\n","protected":false},"author":1,"featured_media":0,"parent":0,"menu_order":0,"comment_status":"closed","ping_status":"closed","template":"","meta":{"_uag_custom_page_level_css":"","_monsterinsights_skip_tracking":false,"_monsterinsights_sitenote_active":false,"_monsterinsights_sitenote_note":"","_monsterinsights_sitenote_category":0,"site-sidebar-layout":"default","site-content-layout":"","ast-site-content-layout":"default","site-content-style":"default","site-sidebar-style":"default","ast-global-header-display":"","ast-banner-title-visibility":"","ast-main-header-display":"","ast-hfb-above-header-display":"","ast-hfb-below-header-display":"","ast-hfb-mobile-header-display":"","site-post-title":"","ast-breadcrumbs-content":"","ast-featured-img":"","footer-sml-layout":"","ast-disable-related-posts":"","theme-transparent-header-meta":"","adv-header-id-meta":"","stick-header-meta":"","header-above-stick-meta":"","header-main-stick-meta":"","header-below-stick-meta":"","astra-migrate-meta-layouts":"default","ast-page-background-enabled":"default","ast-page-background-meta":{"desktop":{"background-color":"var(--ast-global-color-5)","background-image":"","background-repeat":"repeat","background-position":"center center","background-size":"auto","background-attachment":"scroll","background-type":"","background-media":"","overlay-type":"","overlay-color":"","overlay-opacity":"","overlay-gradient":""},"tablet":{"background-color":"","background-image":"","background-repeat":"repeat","background-position":"center center","background-size":"auto","background-attachment":"scroll","background-type":"","background-media":"","overlay-type":"","overlay-color":"","overlay-opacity":"","overlay-gradient":""},"mobile":{"background-color":"","background-image":"","background-repeat":"repeat","background-position":"center center","background-size":"auto","background-attachment":"scroll","background-type":"","background-media":"","overlay-type":"","overlay-color":"","overlay-opacity":"","overlay-gradient":""}},"ast-content-background-meta":{"desktop":{"background-color":"var(--ast-global-color-4)","background-image":"","background-repeat":"repeat","background-position":"center center","background-size":"auto","background-attachment":"scroll","background-type":"","background-media":"","overlay-type":"","overlay-color":"","overlay-opacity":"","overlay-gradient":""},"tablet":{"background-color":"var(--ast-global-color-4)","background-image":"","background-repeat":"repeat","background-position":"center center","background-size":"auto","background-attachment":"scroll","background-type":"","background-media":"","overlay-type":"","overlay-color":"","overlay-opacity":"","overlay-gradient":""},"mobile":{"background-color":"var(--ast-global-color-4)","background-image":"","background-repeat":"repeat","background-position":"center center","background-size":"auto","background-attachment":"scroll","background-type":"","background-media":"","overlay-type":"","overlay-color":"","overlay-opacity":"","overlay-gradient":""}},"footnotes":""},"class_list":["post-12","page","type-page","status-publish","hentry"],"yoast_head":"<!-- This site is optimized with the Yoast SEO plugin v27.4 - https:\/\/yoast.com\/product\/yoast-seo-wordpress\/ -->\n<title>Psychologia tradingu - Dawid Fr\u0105ckowiak - psycholog tradingu<\/title>\n<meta name=\"description\" content=\"Psychologia tradingu - psycholog, psychoterapeuta, trener mentalny inwestor\u00f3w i trader\u00f3w - Dawid Fr\u0105ckowiak\" \/>\n<meta name=\"robots\" content=\"index, follow, max-snippet:-1, max-image-preview:large, max-video-preview:-1\" \/>\n<link rel=\"canonical\" href=\"https:\/\/psychologtradingu.pl\/?page_id=12\" \/>\n<meta property=\"og:locale\" content=\"pl_PL\" \/>\n<meta property=\"og:type\" content=\"article\" \/>\n<meta property=\"og:title\" content=\"Psychologia tradingu - Dawid Fr\u0105ckowiak - psycholog tradingu\" \/>\n<meta property=\"og:description\" content=\"Psychologia tradingu - psycholog, psychoterapeuta, trener mentalny inwestor\u00f3w i trader\u00f3w - Dawid Fr\u0105ckowiak\" \/>\n<meta property=\"og:url\" content=\"https:\/\/psychologtradingu.pl\/?page_id=12\" \/>\n<meta property=\"article:modified_time\" content=\"2026-01-25T20:10:52+00:00\" \/>\n<meta property=\"og:image\" content=\"https:\/\/psychologtradingu.pl\/wp-content\/uploads\/2026\/01\/20200630_141423-scaled.jpg\" \/>\n\t<meta property=\"og:image:width\" content=\"1920\" \/>\n\t<meta property=\"og:image:height\" content=\"2560\" \/>\n\t<meta property=\"og:image:type\" content=\"image\/jpeg\" \/>\n<meta name=\"twitter:card\" content=\"summary_large_image\" \/>\n<meta name=\"twitter:label1\" content=\"Szacowany czas czytania\" \/>\n\t<meta name=\"twitter:data1\" content=\"3 minuty\" \/>\n<script type=\"application\/ld+json\" class=\"yoast-schema-graph\">{\"@context\":\"https:\\\/\\\/schema.org\",\"@graph\":[{\"@type\":\"WebPage\",\"@id\":\"https:\\\/\\\/psychologtradingu.pl\\\/?page_id=12\",\"url\":\"https:\\\/\\\/psychologtradingu.pl\\\/?page_id=12\",\"name\":\"Psychologia tradingu - Dawid Fr\u0105ckowiak - psycholog tradingu\",\"isPartOf\":{\"@id\":\"https:\\\/\\\/psychologtradingu.pl\\\/#website\"},\"primaryImageOfPage\":{\"@id\":\"https:\\\/\\\/psychologtradingu.pl\\\/?page_id=12#primaryimage\"},\"image\":{\"@id\":\"https:\\\/\\\/psychologtradingu.pl\\\/?page_id=12#primaryimage\"},\"thumbnailUrl\":\"https:\\\/\\\/psychologtradingu.pl\\\/wp-content\\\/uploads\\\/2026\\\/01\\\/20200630_141423-768x1024.jpg\",\"datePublished\":\"2026-01-01T12:39:14+00:00\",\"dateModified\":\"2026-01-25T20:10:52+00:00\",\"description\":\"Psychologia tradingu - psycholog, psychoterapeuta, trener mentalny inwestor\u00f3w i trader\u00f3w - Dawid Fr\u0105ckowiak\",\"breadcrumb\":{\"@id\":\"https:\\\/\\\/psychologtradingu.pl\\\/?page_id=12#breadcrumb\"},\"inLanguage\":\"pl-PL\",\"potentialAction\":[{\"@type\":\"ReadAction\",\"target\":[\"https:\\\/\\\/psychologtradingu.pl\\\/?page_id=12\"]}]},{\"@type\":\"ImageObject\",\"inLanguage\":\"pl-PL\",\"@id\":\"https:\\\/\\\/psychologtradingu.pl\\\/?page_id=12#primaryimage\",\"url\":\"https:\\\/\\\/psychologtradingu.pl\\\/wp-content\\\/uploads\\\/2026\\\/01\\\/20200630_141423-scaled.jpg\",\"contentUrl\":\"https:\\\/\\\/psychologtradingu.pl\\\/wp-content\\\/uploads\\\/2026\\\/01\\\/20200630_141423-scaled.jpg\",\"width\":1920,\"height\":2560,\"caption\":\"psycholog tradingu\"},{\"@type\":\"BreadcrumbList\",\"@id\":\"https:\\\/\\\/psychologtradingu.pl\\\/?page_id=12#breadcrumb\",\"itemListElement\":[{\"@type\":\"ListItem\",\"position\":1,\"name\":\"Strona g\u0142\u00f3wna\",\"item\":\"https:\\\/\\\/psychologtradingu.pl\\\/\"},{\"@type\":\"ListItem\",\"position\":2,\"name\":\"O MNIE\"}]},{\"@type\":\"WebSite\",\"@id\":\"https:\\\/\\\/psychologtradingu.pl\\\/#website\",\"url\":\"https:\\\/\\\/psychologtradingu.pl\\\/\",\"name\":\"\",\"description\":\"Strona dotycz\u0105ca pomocy psychologicznej dla inwestor\u00f3w i trader\u00f3w\",\"potentialAction\":[{\"@type\":\"SearchAction\",\"target\":{\"@type\":\"EntryPoint\",\"urlTemplate\":\"https:\\\/\\\/psychologtradingu.pl\\\/?s={search_term_string}\"},\"query-input\":{\"@type\":\"PropertyValueSpecification\",\"valueRequired\":true,\"valueName\":\"search_term_string\"}}],\"inLanguage\":\"pl-PL\"}]}<\/script>\n<!-- \/ Yoast SEO plugin. -->","yoast_head_json":{"title":"Psychologia tradingu - Dawid Fr\u0105ckowiak - psycholog tradingu","description":"Psychologia tradingu - psycholog, psychoterapeuta, trener mentalny inwestor\u00f3w i trader\u00f3w - Dawid Fr\u0105ckowiak","robots":{"index":"index","follow":"follow","max-snippet":"max-snippet:-1","max-image-preview":"max-image-preview:large","max-video-preview":"max-video-preview:-1"},"canonical":"https:\/\/psychologtradingu.pl\/?page_id=12","og_locale":"pl_PL","og_type":"article","og_title":"Psychologia tradingu - Dawid Fr\u0105ckowiak - psycholog tradingu","og_description":"Psychologia tradingu - psycholog, psychoterapeuta, trener mentalny inwestor\u00f3w i trader\u00f3w - Dawid Fr\u0105ckowiak","og_url":"https:\/\/psychologtradingu.pl\/?page_id=12","article_modified_time":"2026-01-25T20:10:52+00:00","og_image":[{"width":1920,"height":2560,"url":"https:\/\/psychologtradingu.pl\/wp-content\/uploads\/2026\/01\/20200630_141423-scaled.jpg","type":"image\/jpeg"}],"twitter_card":"summary_large_image","twitter_misc":{"Szacowany czas czytania":"3 minuty"},"schema":{"@context":"https:\/\/schema.org","@graph":[{"@type":"WebPage","@id":"https:\/\/psychologtradingu.pl\/?page_id=12","url":"https:\/\/psychologtradingu.pl\/?page_id=12","name":"Psychologia tradingu - Dawid Fr\u0105ckowiak - psycholog tradingu","isPartOf":{"@id":"https:\/\/psychologtradingu.pl\/#website"},"primaryImageOfPage":{"@id":"https:\/\/psychologtradingu.pl\/?page_id=12#primaryimage"},"image":{"@id":"https:\/\/psychologtradingu.pl\/?page_id=12#primaryimage"},"thumbnailUrl":"https:\/\/psychologtradingu.pl\/wp-content\/uploads\/2026\/01\/20200630_141423-768x1024.jpg","datePublished":"2026-01-01T12:39:14+00:00","dateModified":"2026-01-25T20:10:52+00:00","description":"Psychologia tradingu - psycholog, psychoterapeuta, trener mentalny inwestor\u00f3w i trader\u00f3w - Dawid Fr\u0105ckowiak","breadcrumb":{"@id":"https:\/\/psychologtradingu.pl\/?page_id=12#breadcrumb"},"inLanguage":"pl-PL","potentialAction":[{"@type":"ReadAction","target":["https:\/\/psychologtradingu.pl\/?page_id=12"]}]},{"@type":"ImageObject","inLanguage":"pl-PL","@id":"https:\/\/psychologtradingu.pl\/?page_id=12#primaryimage","url":"https:\/\/psychologtradingu.pl\/wp-content\/uploads\/2026\/01\/20200630_141423-scaled.jpg","contentUrl":"https:\/\/psychologtradingu.pl\/wp-content\/uploads\/2026\/01\/20200630_141423-scaled.jpg","width":1920,"height":2560,"caption":"psycholog tradingu"},{"@type":"BreadcrumbList","@id":"https:\/\/psychologtradingu.pl\/?page_id=12#breadcrumb","itemListElement":[{"@type":"ListItem","position":1,"name":"Strona g\u0142\u00f3wna","item":"https:\/\/psychologtradingu.pl\/"},{"@type":"ListItem","position":2,"name":"O MNIE"}]},{"@type":"WebSite","@id":"https:\/\/psychologtradingu.pl\/#website","url":"https:\/\/psychologtradingu.pl\/","name":"","description":"Strona dotycz\u0105ca pomocy psychologicznej dla inwestor\u00f3w i trader\u00f3w","potentialAction":[{"@type":"SearchAction","target":{"@type":"EntryPoint","urlTemplate":"https:\/\/psychologtradingu.pl\/?s={search_term_string}"},"query-input":{"@type":"PropertyValueSpecification","valueRequired":true,"valueName":"search_term_string"}}],"inLanguage":"pl-PL"}]}},"uagb_featured_image_src":{"full":false,"thumbnail":false,"medium":false,"medium_large":false,"large":false,"1536x1536":false,"2048x2048":false,"mailpoet_newsletter_max":false},"uagb_author_info":{"display_name":"psychologtradingu-manager.pl","author_link":"https:\/\/psychologtradingu.pl\/?author=1"},"uagb_comment_info":0,"uagb_excerpt":"Witaj! Nazywam si\u0119 Dawid Fr\u0105ckowiak i jestem psychologiem, psychoterapeut\u0105 oraz trenerem rozwoju osobistego z wieloletni\u0105 praktyk\u0105. Od ponad dekady wspieram [&hellip;]","_links":{"self":[{"href":"https:\/\/psychologtradingu.pl\/index.php?rest_route=\/wp\/v2\/pages\/12","targetHints":{"allow":["GET"]}}],"collection":[{"href":"https:\/\/psychologtradingu.pl\/index.php?rest_route=\/wp\/v2\/pages"}],"about":[{"href":"https:\/\/psychologtradingu.pl\/index.php?rest_route=\/wp\/v2\/types\/page"}],"author":[{"embeddable":true,"href":"https:\/\/psychologtradingu.pl\/index.php?rest_route=\/wp\/v2\/users\/1"}],"replies":[{"embeddable":true,"href":"https:\/\/psychologtradingu.pl\/index.php?rest_route=%2Fwp%2Fv2%2Fcomments&post=12"}],"version-history":[{"count":6,"href":"https:\/\/psychologtradingu.pl\/index.php?rest_route=\/wp\/v2\/pages\/12\/revisions"}],"predecessor-version":[{"id":171,"href":"https:\/\/psychologtradingu.pl\/index.php?rest_route=\/wp\/v2\/pages\/12\/revisions\/171"}],"wp:attachment":[{"href":"https:\/\/psychologtradingu.pl\/index.php?rest_route=%2Fwp%2Fv2%2Fmedia&parent=12"}],"curies":[{"name":"wp","href":"https:\/\/api.w.org\/{rel}","templated":true}]}}